{"id":3009,"date":"2020-08-07T06:17:08","date_gmt":"2020-08-07T06:17:08","guid":{"rendered":"http:\/\/kunst-garten-geschichte.de\/?page_id=3009"},"modified":"2023-08-06T09:53:59","modified_gmt":"2023-08-06T09:53:59","slug":"3009-2","status":"publish","type":"page","link":"http:\/\/kunst-garten-geschichte.de\/?page_id=3009","title":{"rendered":"Urheberrecht"},"content":{"rendered":"\n<p>Alle auf diesen Seiten gezeigten Bilder, Texte und Informationen sind urheberrechtlich gesch\u00fctzt. Die Vervielf\u00e4ltigung und Verbreitung sowie die Nutzung in anderen Zusammenh\u00e4ngen einschlie\u00dflich der Verwendung in elektronischen Medien, ist nur mit ausdr\u00fccklicher schriftlicher Genehmigung erlaubt.<\/p>\n\n\n\n<p>info@kunst-garten-geschichte.de<\/p>\n","protected":false},"excerpt":{"rendered":"<p>Alle auf diesen Seiten gezeigten Bilder, Texte und Informationen sind urheberrechtlich gesch\u00fctzt. Die Vervielf\u00e4ltigung und Verbreitung sowie die Nutzung in anderen Zusammenh\u00e4ngen einschlie\u00dflich der Verwendung in elektronischen Medien, ist nur mit ausdr\u00fccklicher schriftlicher Genehmigung erlaubt. info@kunst-garten-geschichte.de<\/p>\n","protected":false},"author":1,"featured_media":0,"parent":0,"menu_order":0,"comment_status":"closed","ping_status":"closed","template":"","meta":{"footnotes":""},"class_list":["post-3009","page","type-page","status-publish","hentry"],"_links":{"self":[{"href":"http:\/\/kunst-garten-geschichte.de\/index.php?rest_route=\/wp\/v2\/pages\/3009"}],"collection":[{"href":"http:\/\/kunst-garten-geschichte.de\/index.php?rest_route=\/wp\/v2\/pages"}],"about":[{"href":"http:\/\/kunst-garten-geschichte.de\/index.php?rest_route=\/wp\/v2\/types\/page"}],"author":[{"embeddable":true,"href":"http:\/\/kunst-garten-geschichte.de\/index.php?rest_route=\/wp\/v2\/users\/1"}],"replies":[{"embeddable":true,"href":"http:\/\/kunst-garten-geschichte.de\/index.php?rest_route=%2Fwp%2Fv2%2Fcomments&post=3009"}],"version-history":[{"count":7,"href":"http:\/\/kunst-garten-geschichte.de\/index.php?rest_route=\/wp\/v2\/pages\/3009\/revisions"}],"predecessor-version":[{"id":6684,"href":"http:\/\/kunst-garten-geschichte.de\/index.php?rest_route=\/wp\/v2\/pages\/3009\/revisions\/6684"}],"wp:attachment":[{"href":"http:\/\/kunst-garten-geschichte.de\/index.php?rest_route=%2Fwp%2Fv2%2Fmedia&parent=3009"}],"curies":[{"name":"wp","href":"https:\/\/api.w.org\/{rel}","templated":true}]}}